{"id":35,"date":"2020-12-01T12:24:27","date_gmt":"2020-12-01T11:24:27","guid":{"rendered":"http:\/\/biobs-partners.com\/?page_id=35"},"modified":"2020-12-01T12:58:41","modified_gmt":"2020-12-01T11:58:41","slug":"a-propos-de","status":"publish","type":"page","link":"https:\/\/biobs-partners.com\/index.php\/a-propos-de\/","title":{"rendered":"L\u2019\u00e9quipe dirigeante"},"content":{"rendered":"\n<p>SA\u00cfD EL MOUATASSIM \u00e9tait auparavant Directeur des recherche chez Biomnis, et ancien Responsable scientifique du D\u00e9partement de G\u00e9n\u00e9tique constitutionnelle au laboratoire Marcel M\u00e9rieux. Plus de 30 ans d\u2019exp\u00e9rience qui lui permet aujourd\u2019hui d\u2019accompagner les progr\u00e8s de la recherche en biologie m\u00e9dicale et les innovations th\u00e9rapeutiques, tout en int\u00e9grant les solutions technologiques les plus en pointe.<\/p>\n\n\n\n<p>Dr\u00a0Bruno\u00a0Flechet, m\u00e9decin biologiste, ancien Praticien Hospitalier, a \u00e9t\u00e9 Directeur du D\u00e9partement Biologie et membre du Comit\u00e9 de Direction du Laboratoire Cerba, leader de la biologie m\u00e9dicale sp\u00e9cialis\u00e9e, puis directeur G\u00e9n\u00e9ral du laboratoire Biomnis, ex laboratoire Marcel M\u00e9rieux. Apr\u00e8s un MBA \u00e0 HEC, son activit\u00e9 s\u2019est tourn\u00e9e vers l\u2019investissement dans des soci\u00e9t\u00e9s de biotechnologies, toujours dans le domaine du diagnostic, d\u2019abord \u00e0 Lyon dans Apollon Bioteck et maintenant \u00e0 Gen\u00e8ve dans BioBS-Partners.<\/p>\n","protected":false},"excerpt":{"rendered":"<p>SA\u00cfD EL MOUATASSIM \u00e9tait auparavant Directeur des recherche chez Biomnis, et ancien Responsable scientifique du D\u00e9partement de G\u00e9n\u00e9tique constitutionnelle au laboratoire Marcel M\u00e9rieux. Plus de 30 ans d\u2019exp\u00e9rience qui lui permet aujourd\u2019hui d\u2019accompagner les progr\u00e8s de la recherche en biologie m\u00e9dicale et les innovations th\u00e9rapeutiques, tout en int\u00e9grant les solutions technologiques les plus en pointe. &hellip; <\/p>\n<p class=\"link-more\"><a href=\"https:\/\/biobs-partners.com\/index.php\/a-propos-de\/\" class=\"more-link\">Continue reading<span class=\"screen-reader-text\"> &#8220;L\u2019\u00e9quipe dirigeante&#8221;<\/span><\/a><\/p>\n","protected":false},"author":1,"featured_media":0,"parent":0,"menu_order":0,"comment_status":"closed","ping_status":"closed","template":"","meta":[],"_links":{"self":[{"href":"https:\/\/biobs-partners.com\/index.php\/wp-json\/wp\/v2\/pages\/35"}],"collection":[{"href":"https:\/\/biobs-partners.com\/index.php\/wp-json\/wp\/v2\/pages"}],"about":[{"href":"https:\/\/biobs-partners.com\/index.php\/wp-json\/wp\/v2\/types\/page"}],"author":[{"embeddable":true,"href":"https:\/\/biobs-partners.com\/index.php\/wp-json\/wp\/v2\/users\/1"}],"replies":[{"embeddable":true,"href":"https:\/\/biobs-partners.com\/index.php\/wp-json\/wp\/v2\/comments?post=35"}],"version-history":[{"count":3,"href":"https:\/\/biobs-partners.com\/index.php\/wp-json\/wp\/v2\/pages\/35\/revisions"}],"predecessor-version":[{"id":83,"href":"https:\/\/biobs-partners.com\/index.php\/wp-json\/wp\/v2\/pages\/35\/revisions\/83"}],"wp:attachment":[{"href":"https:\/\/biobs-partners.com\/index.php\/wp-json\/wp\/v2\/media?parent=35"}],"curies":[{"name":"wp","href":"https:\/\/api.w.org\/{rel}","templated":true}]}}